{"id":2193,"date":"2026-01-21T08:29:33","date_gmt":"2026-01-21T08:29:33","guid":{"rendered":"https:\/\/www.sgaravato.it\/why-choose-us\/"},"modified":"2026-02-20T08:24:49","modified_gmt":"2026-02-20T08:24:49","slug":"why-choose-us","status":"publish","type":"page","link":"https:\/\/www.sgaravato.it\/en\/why-choose-us\/","title":{"rendered":"WHY CHOOSE US"},"content":{"rendered":"\t\t<div data-elementor-type=\"wp-page\" data-elementor-id=\"2193\" class=\"elementor elementor-2193 elementor-1719\" data-elementor-post-type=\"page\">\n\t\t\t\t<div class=\"elementor-element elementor-element-0dea6f5 e-con-full sgrv-blur-box e-flex e-con e-parent\" data-id=\"0dea6f5\" data-element_type=\"container\" data-e-type=\"container\" data-settings=\"{&quot;background_background&quot;:&quot;classic&quot;}\">\n\t\t<div class=\"elementor-element elementor-element-74c41ff e-con-full e-flex e-con e-child\" data-id=\"74c41ff\" data-element_type=\"container\" data-e-type=\"container\">\n\t\t\t\t<div class=\"elementor-element elementor-element-3b938e5 elementor-widget-mobile__width-initial elementor-widget elementor-widget-text-editor\" data-id=\"3b938e5\" data-element_type=\"widget\" data-e-type=\"widget\" data-widget_type=\"text-editor.default\">\n\t\t\t\t\t\t\t\t\t<p>Marketing B2B:<\/p>\t\t\t\t\t\t\t\t<\/div>\n\t\t\t\t<div class=\"elementor-element elementor-element-e4bb5ad elementor-widget__width-initial elementor-widget elementor-widget-heading\" data-id=\"e4bb5ad\" data-element_type=\"widget\" data-e-type=\"widget\" data-widget_type=\"heading.default\">\n\t\t\t\t\t<h2 class=\"elementor-heading-title elementor-size-default\">an experience that changes the rules, going beyond habits<\/h2>\t\t\t\t<\/div>\n\t\t\t\t<div class=\"elementor-element elementor-element-34a7317 elementor-widget-mobile__width-initial elementor-widget__width-initial elementor-widget elementor-widget-text-editor\" data-id=\"34a7317\" data-element_type=\"widget\" data-e-type=\"widget\" data-widget_type=\"text-editor.default\">\n\t\t\t\t\t\t\t\t\t<p>In ogni progetto portiamo sul tavolo quarant\u2019anni di esperienza nel marketing B2B, mettendo in discussione ci\u00f2 che \u00e8 consuetudine: ascolto reale, occhio critico sulle tendenze, coraggio di andare oltre la soluzione pi\u00f9 scontata.<\/p><p><strong>Il nostro obiettivo non \u00e8 fare qualcosa di bello, ma ottenere risultati che durano.<\/strong><\/p><p>We build relationships that grow over time, staying present and asking the right questions: only in this way can new ideas and effective choices emerge. Every decision is backed by data and verified for its concrete impact, confirming our commitment to B2B marketing. <\/p>\t\t\t\t\t\t\t\t<\/div>\n\t\t\t\t<\/div>\n\t\t\t\t<\/div>\n\t\t<div class=\"elementor-element elementor-element-e687ae2 e-flex e-con-boxed e-con e-parent\" data-id=\"e687ae2\" data-element_type=\"container\" data-e-type=\"container\">\n\t\t\t\t\t<div class=\"e-con-inner\">\n\t\t<div class=\"elementor-element elementor-element-8464e34 e-con-full e-flex e-con e-child\" data-id=\"8464e34\" data-element_type=\"container\" data-e-type=\"container\">\n\t\t\t\t<div class=\"elementor-element elementor-element-200449f elementor-widget__width-initial elementor-widget elementor-widget-heading\" data-id=\"200449f\" data-element_type=\"widget\" data-e-type=\"widget\" data-widget_type=\"heading.default\">\n\t\t\t\t\t<h2 class=\"elementor-heading-title elementor-size-default\">Method, vision, practicality.<\/h2>\t\t\t\t<\/div>\n\t\t\t\t<div class=\"elementor-element elementor-element-0363538 elementor-widget__width-initial elementor-widget elementor-widget-heading\" data-id=\"0363538\" data-element_type=\"widget\" data-e-type=\"widget\" data-widget_type=\"heading.default\">\n\t\t\t\t\t<h2 class=\"elementor-heading-title elementor-size-default\">And something more.<\/h2>\t\t\t\t<\/div>\n\t\t\t\t<div class=\"elementor-element elementor-element-7d22ae0 elementor-widget__width-initial elementor-widget elementor-widget-text-editor\" data-id=\"7d22ae0\" data-element_type=\"widget\" data-e-type=\"widget\" data-widget_type=\"text-editor.default\">\n\t\t\t\t\t\t\t\t\t<p>We don&#8217;t just execute: we always ask ourselves why we are taking a certain direction, how we can improve each step, and when it is really worth taking a risk.<\/p>\t\t\t\t\t\t\t\t<\/div>\n\t\t\t\t<\/div>\n\t\t<div class=\"elementor-element elementor-element-c76ea04 e-grid e-con-full e-con e-child\" data-id=\"c76ea04\" data-element_type=\"container\" data-e-type=\"container\">\n\t\t<div class=\"elementor-element elementor-element-bf6a309 e-con-full e-flex e-con e-child\" data-id=\"bf6a309\" data-element_type=\"container\" data-e-type=\"container\" data-settings=\"{&quot;background_background&quot;:&quot;classic&quot;}\">\n\t\t<div class=\"elementor-element elementor-element-767aa39 e-con-full e-flex e-con e-child\" data-id=\"767aa39\" data-element_type=\"container\" data-e-type=\"container\" data-settings=\"{&quot;background_background&quot;:&quot;classic&quot;}\">\n\t\t\t\t<div class=\"elementor-element elementor-element-6556164 elementor-widget__width-initial elementor-widget elementor-widget-heading\" data-id=\"6556164\" data-element_type=\"widget\" data-e-type=\"widget\" data-widget_type=\"heading.default\">\n\t\t\t\t\t<h2 class=\"elementor-heading-title elementor-size-default\">Scientific approach\nto communication<\/h2>\t\t\t\t<\/div>\n\t\t\t\t<\/div>\n\t\t\t\t<div class=\"elementor-element elementor-element-408993a elementor-widget__width-initial elementor-widget elementor-widget-text-editor\" data-id=\"408993a\" data-element_type=\"widget\" data-e-type=\"widget\" data-widget_type=\"text-editor.default\">\n\t\t\t\t\t\t\t\t\t<p>We collect data and translate it into targeted choices, using neuroscience and behavioral testing to truly understand what triggers interest.<\/p>\t\t\t\t\t\t\t\t<\/div>\n\t\t\t\t<\/div>\n\t\t<div class=\"elementor-element elementor-element-3b5c31c e-con-full e-flex e-con e-child\" data-id=\"3b5c31c\" data-element_type=\"container\" data-e-type=\"container\" data-settings=\"{&quot;background_background&quot;:&quot;classic&quot;}\">\n\t\t<div class=\"elementor-element elementor-element-acbe41b e-con-full e-flex e-con e-child\" data-id=\"acbe41b\" data-element_type=\"container\" data-e-type=\"container\" data-settings=\"{&quot;background_background&quot;:&quot;classic&quot;}\">\n\t\t\t\t<div class=\"elementor-element elementor-element-0d77914 elementor-widget__width-initial elementor-widget elementor-widget-heading\" data-id=\"0d77914\" data-element_type=\"widget\" data-e-type=\"widget\" data-widget_type=\"heading.default\">\n\t\t\t\t\t<h2 class=\"elementor-heading-title elementor-size-default\">Customized strategies,\nnot standard models<\/h2>\t\t\t\t<\/div>\n\t\t\t\t<\/div>\n\t\t\t\t<div class=\"elementor-element elementor-element-43d2b0f elementor-widget__width-initial elementor-widget elementor-widget-text-editor\" data-id=\"43d2b0f\" data-element_type=\"widget\" data-e-type=\"widget\" data-widget_type=\"text-editor.default\">\n\t\t\t\t\t\t\t\t\t<p>Every company has a unique history and objectives: that&#8217;s why we build tailor-made paths<br>that enhance the distinctive features of each brand.<\/p>\t\t\t\t\t\t\t\t<\/div>\n\t\t\t\t<\/div>\n\t\t<div class=\"elementor-element elementor-element-b578784 e-con-full e-flex e-con e-child\" data-id=\"b578784\" data-element_type=\"container\" data-e-type=\"container\" data-settings=\"{&quot;background_background&quot;:&quot;classic&quot;}\">\n\t\t<div class=\"elementor-element elementor-element-bc0fc5c e-con-full e-flex e-con e-child\" data-id=\"bc0fc5c\" data-element_type=\"container\" data-e-type=\"container\" data-settings=\"{&quot;background_background&quot;:&quot;classic&quot;}\">\n\t\t\t\t<div class=\"elementor-element elementor-element-ea3417a elementor-widget__width-initial elementor-widget elementor-widget-heading\" data-id=\"ea3417a\" data-element_type=\"widget\" data-e-type=\"widget\" data-widget_type=\"heading.default\">\n\t\t\t\t\t<h2 class=\"elementor-heading-title elementor-size-default\">Real-world experience<\/h2>\t\t\t\t<\/div>\n\t\t\t\t<\/div>\n\t\t\t\t<div class=\"elementor-element elementor-element-8944f82 elementor-widget__width-initial elementor-widget elementor-widget-text-editor\" data-id=\"8944f82\" data-element_type=\"widget\" data-e-type=\"widget\" data-widget_type=\"text-editor.default\">\n\t\t\t\t\t\t\t\t\t<p>We know how to adapt to different contexts and respond quickly,<br>with expertise built up by working with companies of all sizes and in all sectors.<\/p>\t\t\t\t\t\t\t\t<\/div>\n\t\t\t\t<\/div>\n\t\t<div class=\"elementor-element elementor-element-1399e50 e-con-full e-flex e-con e-child\" data-id=\"1399e50\" data-element_type=\"container\" data-e-type=\"container\" data-settings=\"{&quot;background_background&quot;:&quot;classic&quot;}\">\n\t\t<div class=\"elementor-element elementor-element-be0bd02 e-con-full e-flex e-con e-child\" data-id=\"be0bd02\" data-element_type=\"container\" data-e-type=\"container\" data-settings=\"{&quot;background_background&quot;:&quot;classic&quot;}\">\n\t\t\t\t<div class=\"elementor-element elementor-element-2735e5a elementor-widget__width-initial elementor-widget elementor-widget-heading\" data-id=\"2735e5a\" data-element_type=\"widget\" data-e-type=\"widget\" data-widget_type=\"heading.default\">\n\t\t\t\t\t<h2 class=\"elementor-heading-title elementor-size-default\">Understanding B2B, seriously<\/h2>\t\t\t\t<\/div>\n\t\t\t\t<\/div>\n\t\t\t\t<div class=\"elementor-element elementor-element-571ca5a elementor-widget__width-initial elementor-widget elementor-widget-text-editor\" data-id=\"571ca5a\" data-element_type=\"widget\" data-e-type=\"widget\" data-widget_type=\"text-editor.default\">\n\t\t\t\t\t\t\t\t\t<p>We speak the language of business, even when it involves technical terms. We research and immerse ourselves in the context: this is how we simplify what seems complicated.<\/p>\t\t\t\t\t\t\t\t<\/div>\n\t\t\t\t<\/div>\n\t\t<div class=\"elementor-element elementor-element-f80593d e-con-full e-flex e-con e-child\" data-id=\"f80593d\" data-element_type=\"container\" data-e-type=\"container\" data-settings=\"{&quot;background_background&quot;:&quot;classic&quot;}\">\n\t\t<div class=\"elementor-element elementor-element-09502ae e-con-full e-flex e-con e-child\" data-id=\"09502ae\" data-element_type=\"container\" data-e-type=\"container\" data-settings=\"{&quot;background_background&quot;:&quot;classic&quot;}\">\n\t\t\t\t<div class=\"elementor-element elementor-element-26e87c6 elementor-widget__width-initial elementor-widget elementor-widget-heading\" data-id=\"26e87c6\" data-element_type=\"widget\" data-e-type=\"widget\" data-widget_type=\"heading.default\">\n\t\t\t\t\t<h2 class=\"elementor-heading-title elementor-size-default\">Open-mindedness,\nconstant curiosity<\/h2>\t\t\t\t<\/div>\n\t\t\t\t<\/div>\n\t\t\t\t<div class=\"elementor-element elementor-element-a2daaed elementor-widget__width-initial elementor-widget elementor-widget-text-editor\" data-id=\"a2daaed\" data-element_type=\"widget\" data-e-type=\"widget\" data-widget_type=\"text-editor.default\">\n\t\t\t\t\t\t\t\t\t<p>We like to stay up to date: we experiment with every new technology, tool,<br>and approach, integrating what really works.<\/p>\t\t\t\t\t\t\t\t<\/div>\n\t\t\t\t<\/div>\n\t\t<div class=\"elementor-element elementor-element-e86f05a e-con-full e-flex e-con e-child\" data-id=\"e86f05a\" data-element_type=\"container\" data-e-type=\"container\" data-settings=\"{&quot;background_background&quot;:&quot;classic&quot;}\">\n\t\t<div class=\"elementor-element elementor-element-a51b13a e-con-full e-flex e-con e-child\" data-id=\"a51b13a\" data-element_type=\"container\" data-e-type=\"container\" data-settings=\"{&quot;background_background&quot;:&quot;classic&quot;}\">\n\t\t\t\t<div class=\"elementor-element elementor-element-af85382 elementor-widget__width-initial elementor-widget elementor-widget-heading\" data-id=\"af85382\" data-element_type=\"widget\" data-e-type=\"widget\" data-widget_type=\"heading.default\">\n\t\t\t\t\t<h2 class=\"elementor-heading-title elementor-size-default\">Solid structure,\nagile organization<\/h2>\t\t\t\t<\/div>\n\t\t\t\t<\/div>\n\t\t\t\t<div class=\"elementor-element elementor-element-dd2c259 elementor-widget__width-initial elementor-widget elementor-widget-text-editor\" data-id=\"dd2c259\" data-element_type=\"widget\" data-e-type=\"widget\" data-widget_type=\"text-editor.default\">\n\t\t\t\t\t\t\t\t\t<p>We approach every project with precision, attention to detail, and respect for deadlines: because effectiveness starts here.<\/p>\t\t\t\t\t\t\t\t<\/div>\n\t\t\t\t<\/div>\n\t\t\t\t<\/div>\n\t\t<div class=\"elementor-element elementor-element-0f9c7a3 e-con-full e-flex e-con e-child\" data-id=\"0f9c7a3\" data-element_type=\"container\" data-e-type=\"container\" data-settings=\"{&quot;background_background&quot;:&quot;classic&quot;}\">\n\t\t<div class=\"elementor-element elementor-element-c782ed6 e-flex e-con-boxed e-con e-child\" data-id=\"c782ed6\" data-element_type=\"container\" data-e-type=\"container\">\n\t\t\t\t\t<div class=\"e-con-inner\">\n\t\t<div class=\"elementor-element elementor-element-0fbdddf e-con-full e-flex e-con e-child\" data-id=\"0fbdddf\" data-element_type=\"container\" data-e-type=\"container\">\n\t\t\t\t<div class=\"elementor-element elementor-element-8e102dd elementor-widget__width-initial elementor-widget elementor-widget-heading\" data-id=\"8e102dd\" data-element_type=\"widget\" data-e-type=\"widget\" data-widget_type=\"heading.default\">\n\t\t\t\t\t<h2 class=\"elementor-heading-title elementor-size-default\">From brief to result: <\/h2>\t\t\t\t<\/div>\n\t\t\t\t<div class=\"elementor-element elementor-element-fb2ae74 elementor-widget__width-initial elementor-widget elementor-widget-heading\" data-id=\"fb2ae74\" data-element_type=\"widget\" data-e-type=\"widget\" data-widget_type=\"heading.default\">\n\t\t\t\t\t<h2 class=\"elementor-heading-title elementor-size-default\">a relationship that generates value<br>in B2B marketing<\/h2>\t\t\t\t<\/div>\n\t\t\t\t<div class=\"elementor-element elementor-element-8327158 elementor-widget__width-initial elementor-widget elementor-widget-text-editor\" data-id=\"8327158\" data-element_type=\"widget\" data-e-type=\"widget\" data-widget_type=\"text-editor.default\">\n\t\t\t\t\t\t\t\t\t<p>Those who choose us find a team that listens, asks questions, and makes suggestions. <br>Collaboration does not end with delivery: it is an ongoing dialogue based on transparency, professionalism, and attention to results, as if it were our own project.<\/p>\t\t\t\t\t\t\t\t<\/div>\n\t\t\t\t<\/div>\n\t\t\t\t\t<\/div>\n\t\t\t\t<\/div>\n\t\t\t\t<\/div>\n\t\t\t\t\t<\/div>\n\t\t\t\t<\/div>\n\t\t\t\t<\/div>\n\t\t","protected":false},"excerpt":{"rendered":"<p>Marketing B2B: an experience that changes the rules, going beyond habits In ogni progetto portiamo sul tavolo quarant\u2019anni di esperienza nel marketing B2B, mettendo in discussione ci\u00f2 che \u00e8 consuetudine: ascolto reale, occhio critico sulle tendenze, coraggio di andare oltre la soluzione pi\u00f9 scontata. Il nostro obiettivo non \u00e8 fare qualcosa di bello, ma ottenere [&hellip;]<\/p>\n","protected":false},"author":1,"featured_media":0,"parent":0,"menu_order":0,"comment_status":"closed","ping_status":"closed","template":"elementor_header_footer","meta":{"om_disable_all_campaigns":false,"_monsterinsights_skip_tracking":false,"_monsterinsights_sitenote_active":false,"_monsterinsights_sitenote_note":"","_monsterinsights_sitenote_category":0,"footnotes":""},"class_list":["post-2193","page","type-page","status-publish","hentry"],"aioseo_notices":[],"_links":{"self":[{"href":"https:\/\/www.sgaravato.it\/en\/wp-json\/wp\/v2\/pages\/2193","targetHints":{"allow":["GET"]}}],"collection":[{"href":"https:\/\/www.sgaravato.it\/en\/wp-json\/wp\/v2\/pages"}],"about":[{"href":"https:\/\/www.sgaravato.it\/en\/wp-json\/wp\/v2\/types\/page"}],"author":[{"embeddable":true,"href":"https:\/\/www.sgaravato.it\/en\/wp-json\/wp\/v2\/users\/1"}],"replies":[{"embeddable":true,"href":"https:\/\/www.sgaravato.it\/en\/wp-json\/wp\/v2\/comments?post=2193"}],"version-history":[{"count":2,"href":"https:\/\/www.sgaravato.it\/en\/wp-json\/wp\/v2\/pages\/2193\/revisions"}],"predecessor-version":[{"id":2496,"href":"https:\/\/www.sgaravato.it\/en\/wp-json\/wp\/v2\/pages\/2193\/revisions\/2496"}],"wp:attachment":[{"href":"https:\/\/www.sgaravato.it\/en\/wp-json\/wp\/v2\/media?parent=2193"}],"curies":[{"name":"wp","href":"https:\/\/api.w.org\/{rel}","templated":true}]}}